{"id":2,"date":"2017-08-08T15:04:22","date_gmt":"2017-08-08T13:04:22","guid":{"rendered":"http:\/\/zahnarzt-scharmacher.de\/?page_id=2"},"modified":"2017-10-05T14:42:25","modified_gmt":"2017-10-05T12:42:25","slug":"beispiel-seite","status":"publish","type":"page","link":"http:\/\/zahnarzt-scharmacher.de\/?page_id=2","title":{"rendered":"Impressum"},"content":{"rendered":"<blockquote><p>&nbsp;<\/p>\n<p><strong>Angaben gem\u00e4\u00df \u00a7 5 TMG:<br \/>\n<\/strong><br \/>\nDr. Michael Scharmacher<br \/>\nZahnarztpraxis<br \/>\nBerliner Str. 119-125<br \/>\nS\u00fcdcenter, Aufgang C<br \/>\n16515 Oranienburg<\/p>\n<p><strong>Kontakt:<br \/>\n<\/strong><br \/>\nTelefon: +49 3301 535152<br \/>\nTelefax: +49 3301 530692<br \/>\nE-Mail: kontakt[at]zahnarzt-scharmacher.de<\/p>\n<p><strong>Aufsichtsbeh\u00f6rde:<br \/>\n<\/strong><br \/>\nKassenzahn\u00e4rztliche Vereinigung Land Brandenburg, K\u00f6rperschaft des \u00f6ffentlichen Rechts<br \/>\nBerufsbezeichnung: Zahnarzt<br \/>\nZust\u00e4ndige Kammer: Landeszahn\u00e4rztekammer Brandenburg, Parzellenstra\u00dfe 94, 03046 Cottbus<br \/>\nVerliehen durch: Brandenburg<br \/>\nEs gelten folgende berufsrechtliche Regelungen: Berufsordnung f\u00fcr Zahn\u00e4rzte, Zahnheilkundegesetz,<br \/>\nHeilberufe-Kammergesetz, Berufsordnung f\u00fcr Zahn\u00e4rzte<br \/>\nRegelungen einsehbar unter:<br \/>\n<a href=\"http:\/\/www.lzkb.de\" target=\"_blank\" rel=\"noopener\">Link zur \u00c4rztekammer<\/a><\/p>\n<p><strong>Angaben zur Berufshaftpflichtversicherung:<br \/>\n<\/strong><br \/>\nName und Sitz des Versicherers:<br \/>\nAlte Leipziger<br \/>\nAlte Leipziger-Platz 1<br \/>\n61440 Oberursel<br \/>\nGeltungsraum der Versicherung: Oranienburg<br \/>\nWir sind nicht bereit oder verpflichtet, an Streitbeilegungsverfahren vor einer<br \/>\nVerbraucherschlichtungsstelle teilzunehmen.<\/p>\n<p><strong>Datenschutzerkl\u00e4rung<\/strong><\/p>\n<p>Die Nutzung unserer Seite ist ohne eine Angabe von personenbezogenen Daten m\u00f6glich. F\u00fcr die Nutzung einzelner Services unserer Seite k\u00f6nnen sich hierf\u00fcr abweichende Regelungen ergeben, die in diesem Falle nachstehend gesondert erl\u00e4utert werden. Ihre personenbezogenen Daten (z.B. Name, Anschrift, E-Mail, Telefonnummer, u.\u00e4.) werden von uns nur gem\u00e4\u00df den Bestimmungen des deutschen Datenschutzrechts verarbeitet. Daten sind dann personenbezogen, wenn sie eindeutig einer bestimmten nat\u00fcrlichen Person zugeordnet werden k\u00f6nnen. Die rechtlichen Grundlagen des Datenschutzes finden Sie im Bundesdatenschutzgesetz (BDSG) und dem Telemediengesetz (TMG). Nachstehende Regelungen informieren Sie insoweit \u00fcber die Art, den Umfang und Zweck der Erhebung, die Nutzung und die Verarbeitung von personenbezogenen Daten durch den Anbieter<br \/>\nDr. Michael Scharmacher<br \/>\n+49 3301 535152<br \/>\nkontakt[at]zahnarzt-scharmacher.de<br \/>\nWir weisen darauf hin, dass die internetbasierte Daten\u00fcbertragung Sicherheitsl\u00fccken aufweist, ein l\u00fcckenloser Schutz vor Zugriffen durch Dritte somit unm\u00f6glich ist.<\/p>\n<p><strong>Datenschutzerkl\u00e4rung f\u00fcr die Nutzung von Piwik<\/strong><\/p>\n<p>Diese Website benutzt den Open Source Webanalysedienst Piwik. Piwik verwendet sog. &#8222;Cookies&#8220;. Das sind Textdateien, die auf Ihrem Computer gespeichert werden und die eine Analyse der Benutzung der Website durch sie erm\u00f6glichen. Dazu werden die durch den Cookie erzeugten Informationen \u00fcber die Benutzung dieser Website auf unserem Server gespeichert. Die IP-Adresse wird vor der Speicherung anonymisiert.<\/p>\n<p>Die durch den Cookie erzeugten Informationen \u00fcber die Benutzung dieser Website werden nicht an Dritte weitergegeben. Sie k\u00f6nnen die Speicherung der Cookies durch eine entsprechende Einstellung Ihrer Browser-Software verhindern; wir weisen Sie jedoch darauf hin, dass Sie in diesem Fall gegebenenfalls nicht s\u00e4mtliche Funktionen dieser Website vollumf\u00e4nglich werden nutzen k\u00f6nnen.<br \/>\nWenn Sie mit der Speicherung und Nutzung Ihrer Daten nicht einverstanden sind, k\u00f6nnen Sie die Speicherung und Nutzung hier deaktivieren. <iframe loading=\"lazy\" style=\"border: 0; height: 200px; width: 600px;\" src=\"http:\/\/professor-gellert.de\/piwik\/index.php?module=CoreAdminHome&amp;action=optOut&amp;language=de\" width=\"300\" height=\"150\"><\/iframe>In diesem Fall wird in Ihrem Browser ein Opt-Out-Cookie hinterlegt der verhindert, das Piwik Nutzungsdaten speichert. Wenn Sie Ihre Cookies l\u00f6schen hat dies zur Folge, dass auch das Piwik Opt-Out-Cookie gel\u00f6scht wird. Das Opt-Out muss bei einem erneuten Besuch unserer Seite wieder aktiviert werden.<\/p>\n<p><strong>Cookies<\/strong><br \/>\nWir verwenden auf unserer Seite sog. Cookies zum Wiedererkennen mehrfacher Nutzung unseres Angebots, durch denselben Nutzer\/Internetanschlussinhaber. Cookies sind kleine Textdateien, die Ihr Internet-Browser auf Ihrem Rechner ablegt und speichert. Sie dienen dazu, unseren Internetauftritt und unsere Angebote zu optimieren. Es handelt sich dabei zumeist um sog. &#8222;Session-Cookies&#8220;, die nach dem Ende Ihres Besuches wieder gel\u00f6scht werden.<br \/>\nTeilweise geben diese Cookies jedoch Informationen ab, um Sie automatisch wieder zu erkennen. Diese Wiedererkennung erfolgt aufgrund der in den Cookies gespeicherten IP-Adresse. Die so erlangten Informationen dienen dazu, unsere Angebote zu optimieren und Ihnen einen leichteren Zugang auf unsere Seite zu erm\u00f6glichen.<br \/>\nSie k\u00f6nnen die Installation der Cookies durch eine entsprechende Einstellung Ihres Browsers verhindern, wir weisen Sie jedoch darauf hin, dass Sie in diesem Fall gegebenenfalls nicht s\u00e4mtliche Funktionen unserer Website vollumf\u00e4nglich nutzen k\u00f6nnen.<\/p>\n<p><strong>Serverdaten<br \/>\n<\/strong><br \/>\nAus technischen Gr\u00fcnden werden u.a. folgende Daten, die Ihr Internet-Browser an uns bzw. an unseren Webspace-Provider \u00fcbermittelt, erfasst (sogenannte Serverlogfiles):<\/p>\n<p>&#8211; Browsertyp und -version<br \/>\n&#8211; verwendetes Betriebssystem<br \/>\n&#8211; Webseite, von der aus Sie uns besuchen (Referrer URL)<br \/>\n&#8211; Webseite, die Sie besuchen<br \/>\n&#8211; Datum und Uhrzeit Ihres Zugriffs<br \/>\n&#8211; Ihre Internet Protokoll (IP)-Adresse.<\/p>\n<p>Diese anonymen Daten werden getrennt von Ihren eventuell angegebenen personenbezogenen Daten gespeichert und lassen so keine R\u00fcckschl\u00fcsse auf eine bestimmte Person zu. Sie werden zu statistischen Zwecken ausgewertet, um unseren Internetauftritt und unsere Angebote optimieren zu k\u00f6nnen.<\/p>\n<p><strong>Kontaktm\u00f6glichkeit<br \/>\n<\/strong><br \/>\nWir bieten Ihnen auf unserer Seite die M\u00f6glichkeit, mit uns per E-Mail und\/oder \u00fcber ein Kontaktformular in Verbindung zu treten. In diesem Fall werden die vom Nutzer gemachten Angaben zum Zwecke der Bearbeitung seiner Kontaktaufnahme gespeichert. Eine Weitergabe an Dritte erfolgt nicht. Ein Abgleich der so erhobenen Daten mit Daten, die m\u00f6glicherweise durch andere Komponenten unserer Seite erhoben werden, erfolgt ebenfalls nicht.<\/p>\n<p><strong>Auskunft\/Widerruf\/L\u00f6schung<br \/>\n<\/strong><br \/>\nSie k\u00f6nnen sich aufgrund des Bundesdatenschutzgesetzes bei Fragen zur Erhebung, Verarbeitung oder Nutzung Ihrer personenbezogenen Daten und deren Berichtigung, Sperrung, L\u00f6schung oder einem Widerruf einer erteilten Einwilligung unentgeltlich an uns wenden. Wir weisen darauf hin, dass Ihnen ein Recht auf Berichtigung falscher Daten oder L\u00f6schung personenbezogener Daten zusteht, sollte diesem Anspruch keine gesetzliche Aufbewahrungspflicht entgegenstehen.<\/p>\n<p><strong>Haftung f\u00fcr Inhalte<br \/>\n<\/strong><br \/>\nAls Diensteanbieter sind wir gem\u00e4\u00df \u00a7 7 Abs.1 TMG f\u00fcr eigene Inhalte auf diesen Seiten nach den<br \/>\nallgemeinen Gesetzen verantwortlich. Nach \u00a7\u00a7 8 bis 10 TMG sind wir als Diensteanbieter jedoch nicht<br \/>\nverpflichtet, \u00fcbermittelte oder gespeicherte fremde Informationen zu \u00fcberwachen oder nach Umst\u00e4nden<br \/>\nzu forschen, die auf eine rechtswidrige T\u00e4tigkeit hinweisen.<br \/>\nVerpflichtungen zur Entfernung oder Sperrung der Nutzung von Informationen nach den allgemeinen<br \/>\nGesetzen bleiben hiervon unber\u00fchrt. Eine diesbez\u00fcgliche Haftung ist jedoch erst ab dem Zeitpunkt der<br \/>\nKenntnis einer konkreten Rechtsverletzung m\u00f6glich. Bei Bekanntwerden von entsprechenden<br \/>\nRechtsverletzungen werden wir diese Inhalte umgehend entfernen.<\/p>\n<p><strong>Haftung f\u00fcr Links<\/strong><\/p>\n<p>Unser Angebot enth\u00e4lt Links zu externen Webseiten Dritter, auf deren Inhalte wir keinen Einfluss haben.<br \/>\nDeshalb k\u00f6nnen wir f\u00fcr diese fremden Inhalte auch keine Gew\u00e4hr \u00fcbernehmen. F\u00fcr die Inhalte der<br \/>\nverlinkten Seiten ist stets der jeweilige Anbieter oder Betreiber der Seiten verantwortlich. Die verlinkten<br \/>\nSeiten wurden zum Zeitpunkt der Verlinkung auf m\u00f6gliche Rechtsverst\u00f6\u00dfe \u00fcberpr\u00fcft. Rechtswidrige<br \/>\nInhalte waren zum Zeitpunkt der Verlinkung nicht erkennbar.<br \/>\nEine permanente inhaltliche Kontrolle der verlinkten Seiten ist jedoch ohne konkrete Anhaltspunkte einer<br \/>\nRechtsverletzung nicht zumutbar. Bei Bekanntwerden von Rechtsverletzungen werden wir derartige Links<br \/>\numgehend entfernen.<br \/>\n<strong><br \/>\nUrheberrecht<br \/>\n<\/strong><br \/>\nDie durch die Seitenbetreiber erstellten Inhalte und Werke auf diesen Seiten unterliegen dem deutschen<br \/>\nUrheberrecht. Die Vervielf\u00e4ltigung, Bearbeitung, Verbreitung und jede Art der Verwertung au\u00dferhalb der<br \/>\nGrenzen des Urheberrechtes bed\u00fcrfen der schriftlichen Zustimmung des jeweiligen Autors bzw.<br \/>\nErstellers. Downloads und Kopien dieser Seite sind nur f\u00fcr den privaten, nicht kommerziellen Gebrauch<br \/>\ngestattet.<\/p>\n<p>Soweit die Inhalte auf dieser Seite nicht vom Betreiber erstellt wurden, werden die Urheberrechte Dritter<br \/>\nbeachtet. Insbesondere werden Inhalte Dritter als solche gekennzeichnet. Sollten Sie trotzdem auf eine<br \/>\nUrheberrechtsverletzung aufmerksam werden, bitten wir um einen entsprechenden Hinweis. Bei<br \/>\nBekanntwerden von Rechtsverletzungen werden wir derartige Inhalte umgehend entfernen.<\/p>\n<p>&nbsp;<\/p><\/blockquote>\n","protected":false},"excerpt":{"rendered":"<p>&nbsp; Angaben gem\u00e4\u00df \u00a7 5 TMG: Dr. Michael Scharmacher Zahnarztpraxis Berliner Str. 119-125 S\u00fcdcenter, Aufgang C 16515 Oranienburg Kontakt: Telefon: +49 3301 535152 Telefax: +49 3301 530692 E-Mail: kontakt[at]zahnarzt-scharmacher.de Aufsichtsbeh\u00f6rde: Kassenzahn\u00e4rztliche Vereinigung Land Brandenburg, K\u00f6rperschaft des \u00f6ffentlichen Rechts Berufsbezeichnung: Zahnarzt Zust\u00e4ndige Kammer: Landeszahn\u00e4rztekammer Brandenburg, Parzellenstra\u00dfe 94, 03046 Cottbus Verliehen durch: Brandenburg Es gelten folgende berufsrechtliche &hellip; <a href=\"http:\/\/zahnarzt-scharmacher.de\/?page_id=2\" class=\"more-link\"><span class=\"screen-reader-text\">Impressum<\/span> weiterlesen <span class=\"meta-nav\">&rarr;<\/span><\/a><\/p>\n","protected":false},"author":1,"featured_media":0,"parent":0,"menu_order":0,"comment_status":"closed","ping_status":"open","template":"","meta":{"footnotes":""},"acf":[],"_links":{"self":[{"href":"http:\/\/zahnarzt-scharmacher.de\/index.php?rest_route=\/wp\/v2\/pages\/2"}],"collection":[{"href":"http:\/\/zahnarzt-scharmacher.de\/index.php?rest_route=\/wp\/v2\/pages"}],"about":[{"href":"http:\/\/zahnarzt-scharmacher.de\/index.php?rest_route=\/wp\/v2\/types\/page"}],"author":[{"embeddable":true,"href":"http:\/\/zahnarzt-scharmacher.de\/index.php?rest_route=\/wp\/v2\/users\/1"}],"replies":[{"embeddable":true,"href":"http:\/\/zahnarzt-scharmacher.de\/index.php?rest_route=%2Fwp%2Fv2%2Fcomments&post=2"}],"version-history":[{"count":13,"href":"http:\/\/zahnarzt-scharmacher.de\/index.php?rest_route=\/wp\/v2\/pages\/2\/revisions"}],"predecessor-version":[{"id":22,"href":"http:\/\/zahnarzt-scharmacher.de\/index.php?rest_route=\/wp\/v2\/pages\/2\/revisions\/22"}],"wp:attachment":[{"href":"http:\/\/zahnarzt-scharmacher.de\/index.php?rest_route=%2Fwp%2Fv2%2Fmedia&parent=2"}],"curies":[{"name":"wp","href":"https:\/\/api.w.org\/{rel}","templated":true}]}}