{"id":161,"date":"2017-08-12T09:52:08","date_gmt":"2017-08-12T07:52:08","guid":{"rendered":"http:\/\/zahnarzt-scharmacher.de\/?page_id=161"},"modified":"2017-09-23T21:17:48","modified_gmt":"2017-09-23T19:17:48","slug":"startseite","status":"publish","type":"page","link":"http:\/\/zahnarzt-scharmacher.de\/","title":{"rendered":""},"content":{"rendered":"<p><strong>Herzlich Willkommen in der Zahnarztpraxis<\/strong><br \/>\n<strong> Dr. med. Michael Scharmacher.<\/strong><\/p>\n<p>Auf diesen Seiten haben Sie die M\u00f6glichkeit,<br \/>\nsich \u00fcber uns und unser Leistungsangebot<br \/>\neinen \u00dcberblick zu verschaffen.<\/p>\n<p>Wir nehmen uns gerne Zeit f\u00fcr Sie und freuen uns<br \/>\nauf Ihren Besuch in unserer Praxis in Oranienburg.<\/p>\n","protected":false},"excerpt":{"rendered":"<p>Herzlich Willkommen in der Zahnarztpraxis Dr. med. Michael Scharmacher. Auf diesen Seiten haben Sie die M\u00f6glichkeit, sich \u00fcber uns und unser Leistungsangebot einen \u00dcberblick zu verschaffen. Wir nehmen uns gerne Zeit f\u00fcr Sie und freuen uns auf Ihren Besuch in unserer Praxis in Oranienburg.<\/p>\n","protected":false},"author":1,"featured_media":0,"parent":0,"menu_order":0,"comment_status":"closed","ping_status":"closed","template":"","meta":{"footnotes":""},"acf":[],"_links":{"self":[{"href":"http:\/\/zahnarzt-scharmacher.de\/index.php?rest_route=\/wp\/v2\/pages\/161"}],"collection":[{"href":"http:\/\/zahnarzt-scharmacher.de\/index.php?rest_route=\/wp\/v2\/pages"}],"about":[{"href":"http:\/\/zahnarzt-scharmacher.de\/index.php?rest_route=\/wp\/v2\/types\/page"}],"author":[{"embeddable":true,"href":"http:\/\/zahnarzt-scharmacher.de\/index.php?rest_route=\/wp\/v2\/users\/1"}],"replies":[{"embeddable":true,"href":"http:\/\/zahnarzt-scharmacher.de\/index.php?rest_route=%2Fwp%2Fv2%2Fcomments&post=161"}],"version-history":[{"count":15,"href":"http:\/\/zahnarzt-scharmacher.de\/index.php?rest_route=\/wp\/v2\/pages\/161\/revisions"}],"predecessor-version":[{"id":192,"href":"http:\/\/zahnarzt-scharmacher.de\/index.php?rest_route=\/wp\/v2\/pages\/161\/revisions\/192"}],"wp:attachment":[{"href":"http:\/\/zahnarzt-scharmacher.de\/index.php?rest_route=%2Fwp%2Fv2%2Fmedia&parent=161"}],"curies":[{"name":"wp","href":"https:\/\/api.w.org\/{rel}","templated":true}]}}